{"id":182530,"date":"2022-06-22T08:53:42","date_gmt":"2022-06-22T05:53:42","guid":{"rendered":"http:\/\/south.euneighbours.eu\/syria-conference\/"},"modified":"2022-08-14T16:08:50","modified_gmt":"2022-08-14T13:08:50","slug":"syria-conference","status":"publish","type":"page","link":"https:\/\/www.eumedbridge.eu\/fr\/syria-conference\/","title":{"rendered":"Conf\u00e9rence sur  la Syrie"},"content":{"rendered":"<p>Afin de garantir la poursuite du soutien international aux r\u00e9fugi\u00e9s syriens et \u00e0 leurs communaut\u00e9s d\u2019accueil, l\u2019Union europ\u00e9enne accueille la sixi\u00e8me conf\u00e9rence de Bruxelles sur l\u2019\u00ab&nbsp;aide \u00e0 apporter pour l\u2019avenir de la Syrie et des pays de la r\u00e9gion&nbsp;\u00bb (#SyriaConf2022) les 9&nbsp;et 10&nbsp;mai.<\/p>\n<p>Le Haut repr\u00e9sentant de l\u2019UE pour les affaires \u00e9trang\u00e8res et la politique de s\u00e9curit\u00e9 et vice-pr\u00e9sident de la Commission europ\u00e9enne, Josep Borrell, a d\u00e9clar\u00e9 \u00e0 ce propos&nbsp;: \u00ab&nbsp;Malgr\u00e9 la guerre qui fait rage \u00e0 sa porte, l\u2019Union europ\u00e9enne n\u2019oublie pas les autres conflits. Des millions de personnes en Syrie et dans la r\u00e9gion d\u00e9pendent quotidiennement de l\u2019aide humanitaire. Nous restons aux c\u00f4t\u00e9s de la population syrienne et nous sommes d\u00e9termin\u00e9s \u00e0 continuer de mobiliser l\u2019attention et le soutien de la communaut\u00e9 internationale en sa faveur. La conf\u00e9rence de Bruxelles vise \u00e0 r\u00e9affirmer l\u2019engagement de la communaut\u00e9 internationale envers les Syriens et les communaut\u00e9s qui les accueillent dans les pays limitrophes et en faveur d\u2019une solution politique n\u00e9goci\u00e9e au conflit, conform\u00e9ment \u00e0 la r\u00e9solution 2254&nbsp;du Conseil de s\u00e9curit\u00e9 des Nations Unies. La conf\u00e9rence offrira \u00e9galement une plate-forme unique de dialogue avec la soci\u00e9t\u00e9 civile. Cette derni\u00e8re est, avec la population syrienne, le principal acteur du changement pour l\u2019avenir de la Syrie.&nbsp;\u00bb<\/p>\n<p>Le commissaire europ\u00e9en en charge de la politique de voisinage et des n\u00e9gociations d\u2019\u00e9largissement, Oliv\u00e9r&nbsp;V\u00e1rhelyi, a fait la d\u00e9claration suivante&nbsp;: \u00ab&nbsp;L\u2019agression russe contre l\u2019Ukraine n\u2019a fait qu\u2019aggraver une situation socio-\u00e9conomique et humanitaire d\u00e9j\u00e0 d\u00e9sastreuse en Syrie et dans la r\u00e9gion. La Commission europ\u00e9enne a r\u00e9agi rapidement au travers d\u2019un dispositif de s\u00e9curit\u00e9 alimentaire et de r\u00e9silience d\u2019un montant de 225&nbsp;millions d\u2019euros pour faire face aux cons\u00e9quences de la hausse des prix des denr\u00e9es alimentaires et des mati\u00e8res premi\u00e8res chez nos voisins m\u00e9ridionaux, dont 85&nbsp;millions d\u2019euros b\u00e9n\u00e9ficieront \u00e0 la population de la Syrie et de ses voisins. Notre plan \u00e9conomique et d\u2019investissement contribuera \u00e0 la reprise socio-\u00e9conomique \u00e0 long terme et \u00e0 la stabilisation de la r\u00e9gion.&nbsp;\u00bb<\/p>\n<p>La conf\u00e9rence d\u00e9bute le lundi 9&nbsp;mai par la Journ\u00e9e du dialogue, suivie d\u2019une r\u00e9union minist\u00e9rielle le mardi 10&nbsp;mai. Il s\u2019agira du principal \u00e9v\u00e9nement de collecte de fonds pour la Syrie et les pays de la r\u00e9gion en&nbsp;2022.<\/p>\n<p>Depuis&nbsp;2011, l\u2019Union europ\u00e9enne et ses \u00c9tats membres sont les principaux donateurs d\u2019aide humanitaire et d\u2019aide \u00e0 la r\u00e9silience en faveur de la Syrie et de la r\u00e9gion, avec quelque 27,4&nbsp;milliards d\u2019euros mobilis\u00e9s pour faire face \u00e0 la crise syrienne. L\u2019Union europ\u00e9enne continuera de mobiliser l\u2019ensemble des instruments dont elle dispose pour soutenir la population syrienne en vue de parvenir enfin \u00e0 une solution politique n\u00e9goci\u00e9e et de contribuer \u00e0 cr\u00e9er les conditions propices \u00e0 un avenir meilleur pour tous les Syriens.<\/p>\n<p><strong>Pour plus d&rsquo;informations<\/strong><\/p>\n<p><a href=\"https:\/\/ec.europa.eu\/neighbourhood-enlargement\/news\/syria-eu-hold-9-10-may-brussels-vi-conference-continued-support-syrian-people-2022-05-05_en\">Communiqu\u00e9 de presse<\/a><\/p>\n","protected":false},"excerpt":{"rendered":"<p>Afin de garantir la poursuite du soutien international aux r\u00e9fugi\u00e9s syriens et \u00e0 leurs communaut\u00e9s d\u2019accueil, l\u2019Union europ\u00e9enne accueille la sixi\u00e8me conf\u00e9rence de Bruxelles sur l\u2019\u00ab&nbsp;aide \u00e0 apporter pour l\u2019avenir de la Syrie et des pays de la r\u00e9gion&nbsp;\u00bb (#SyriaConf2022) les 9&nbsp;et 10&nbsp;mai. Le Haut repr\u00e9sentant de l\u2019UE pour les affaires \u00e9trang\u00e8res et la politique [&hellip;]<\/p>\n","protected":false},"author":2,"featured_media":182527,"parent":0,"menu_order":0,"comment_status":"closed","ping_status":"closed","template":"page-jeel-connect.php","meta":{"_acf_changed":false,"footnotes":""},"class_list":["post-182530","page","type-page","status-publish","has-post-thumbnail","hentry"],"acf":[],"yoast_head":"<!-- This site is optimized with the Yoast SEO plugin v26.5 - https:\/\/yoast.com\/wordpress\/plugins\/seo\/ -->\n<title>Conf\u00e9rence sur la Syrie - Voisins de l&#039;UE<\/title>\n<meta name=\"robots\" content=\"index, follow, max-snippet:-1, max-image-preview:large, max-video-preview:-1\" \/>\n<link rel=\"canonical\" href=\"https:\/\/www.eumedbridge.eu\/fr\/syria-conference\/\" \/>\n<meta property=\"og:locale\" content=\"fr_FR\" \/>\n<meta property=\"og:type\" content=\"article\" \/>\n<meta property=\"og:title\" content=\"Conf\u00e9rence sur la Syrie - Voisins de l&#039;UE\" \/>\n<meta property=\"og:description\" content=\"Afin de garantir la poursuite du soutien international aux r\u00e9fugi\u00e9s syriens et \u00e0 leurs communaut\u00e9s d\u2019accueil, l\u2019Union europ\u00e9enne accueille la sixi\u00e8me conf\u00e9rence de Bruxelles sur l\u2019\u00ab&nbsp;aide \u00e0 apporter pour l\u2019avenir de la Syrie et des pays de la r\u00e9gion&nbsp;\u00bb (#SyriaConf2022) les 9&nbsp;et 10&nbsp;mai. Le Haut repr\u00e9sentant de l\u2019UE pour les affaires \u00e9trang\u00e8res et la politique [&hellip;]\" \/>\n<meta property=\"og:url\" content=\"https:\/\/www.eumedbridge.eu\/fr\/syria-conference\/\" \/>\n<meta property=\"og:site_name\" content=\"Voisins de l&#039;UE\" \/>\n<meta property=\"article:publisher\" content=\"https:\/\/www.facebook.com\/eumedbridge\/\" \/>\n<meta property=\"article:modified_time\" content=\"2022-08-14T13:08:50+00:00\" \/>\n<meta property=\"og:image\" content=\"https:\/\/www.eumedbridge.eu\/wp-content\/uploads\/2022\/06\/b6C-logo-EN.png\" \/>\n\t<meta property=\"og:image:width\" content=\"1117\" \/>\n\t<meta property=\"og:image:height\" content=\"448\" \/>\n\t<meta property=\"og:image:type\" content=\"image\/png\" \/>\n<meta name=\"twitter:card\" content=\"summary_large_image\" \/>\n<meta name=\"twitter:site\" content=\"@eumedbridge\" \/>\n<meta name=\"twitter:label1\" content=\"Dur\u00e9e de lecture estim\u00e9e\" \/>\n\t<meta name=\"twitter:data1\" content=\"3 minutes\" \/>\n<script type=\"application\/ld+json\" class=\"yoast-schema-graph\">{\"@context\":\"https:\/\/schema.org\",\"@graph\":[{\"@type\":\"WebPage\",\"@id\":\"https:\/\/www.eumedbridge.eu\/fr\/syria-conference\/\",\"url\":\"https:\/\/www.eumedbridge.eu\/fr\/syria-conference\/\",\"name\":\"Conf\u00e9rence sur la Syrie - Voisins de l'UE\",\"isPartOf\":{\"@id\":\"https:\/\/www.eumedbridge.eu\/#website\"},\"primaryImageOfPage\":{\"@id\":\"https:\/\/www.eumedbridge.eu\/fr\/syria-conference\/#primaryimage\"},\"image\":{\"@id\":\"https:\/\/www.eumedbridge.eu\/fr\/syria-conference\/#primaryimage\"},\"thumbnailUrl\":\"https:\/\/www.eumedbridge.eu\/wp-content\/uploads\/2022\/06\/b6C-logo-EN.png\",\"datePublished\":\"2022-06-22T05:53:42+00:00\",\"dateModified\":\"2022-08-14T13:08:50+00:00\",\"breadcrumb\":{\"@id\":\"https:\/\/www.eumedbridge.eu\/fr\/syria-conference\/#breadcrumb\"},\"inLanguage\":\"fr-FR\",\"potentialAction\":[{\"@type\":\"ReadAction\",\"target\":[\"https:\/\/www.eumedbridge.eu\/fr\/syria-conference\/\"]}]},{\"@type\":\"ImageObject\",\"inLanguage\":\"fr-FR\",\"@id\":\"https:\/\/www.eumedbridge.eu\/fr\/syria-conference\/#primaryimage\",\"url\":\"https:\/\/www.eumedbridge.eu\/wp-content\/uploads\/2022\/06\/b6C-logo-EN.png\",\"contentUrl\":\"https:\/\/www.eumedbridge.eu\/wp-content\/uploads\/2022\/06\/b6C-logo-EN.png\",\"width\":1117,\"height\":448},{\"@type\":\"BreadcrumbList\",\"@id\":\"https:\/\/www.eumedbridge.eu\/fr\/syria-conference\/#breadcrumb\",\"itemListElement\":[{\"@type\":\"ListItem\",\"position\":1,\"name\":\"Home\",\"item\":\"https:\/\/www.eumedbridge.eu\/fr\/\"},{\"@type\":\"ListItem\",\"position\":2,\"name\":\"Conf\u00e9rence sur la Syrie\"}]},{\"@type\":\"WebSite\",\"@id\":\"https:\/\/www.eumedbridge.eu\/#website\",\"url\":\"https:\/\/www.eumedbridge.eu\/\",\"name\":\"EU Medbridge\",\"description\":\"\",\"publisher\":{\"@id\":\"https:\/\/www.eumedbridge.eu\/#organization\"},\"potentialAction\":[{\"@type\":\"SearchAction\",\"target\":{\"@type\":\"EntryPoint\",\"urlTemplate\":\"https:\/\/www.eumedbridge.eu\/?s={search_term_string}\"},\"query-input\":{\"@type\":\"PropertyValueSpecification\",\"valueRequired\":true,\"valueName\":\"search_term_string\"}}],\"inLanguage\":\"fr-FR\"},{\"@type\":\"Organization\",\"@id\":\"https:\/\/www.eumedbridge.eu\/#organization\",\"name\":\"EU Medbridge\",\"url\":\"https:\/\/www.eumedbridge.eu\/\",\"logo\":{\"@type\":\"ImageObject\",\"inLanguage\":\"fr-FR\",\"@id\":\"https:\/\/www.eumedbridge.eu\/#\/schema\/logo\/image\/\",\"url\":\"https:\/\/www.eumedbridge.eu\/wp-content\/uploads\/2021\/12\/Logo.png\",\"contentUrl\":\"https:\/\/www.eumedbridge.eu\/wp-content\/uploads\/2021\/12\/Logo.png\",\"width\":325,\"height\":114,\"caption\":\"EU Medbridge\"},\"image\":{\"@id\":\"https:\/\/www.eumedbridge.eu\/#\/schema\/logo\/image\/\"},\"sameAs\":[\"https:\/\/www.facebook.com\/eumedbridge\/\",\"https:\/\/x.com\/eumedbridge\",\"https:\/\/www.linkedin.com\/company\/eumedbridge\",\"https:\/\/www.youtube.com\/@eumedbridge\",\"https:\/\/www.instagram.com\/eumedbridge\",\"https:\/\/www.flickr.com\/photos\/euneighbours-south\/\"]}]}<\/script>\n<!-- \/ Yoast SEO plugin. -->","yoast_head_json":{"title":"Conf\u00e9rence sur la Syrie - Voisins de l'UE","robots":{"index":"index","follow":"follow","max-snippet":"max-snippet:-1","max-image-preview":"max-image-preview:large","max-video-preview":"max-video-preview:-1"},"canonical":"https:\/\/www.eumedbridge.eu\/fr\/syria-conference\/","og_locale":"fr_FR","og_type":"article","og_title":"Conf\u00e9rence sur la Syrie - Voisins de l'UE","og_description":"Afin de garantir la poursuite du soutien international aux r\u00e9fugi\u00e9s syriens et \u00e0 leurs communaut\u00e9s d\u2019accueil, l\u2019Union europ\u00e9enne accueille la sixi\u00e8me conf\u00e9rence de Bruxelles sur l\u2019\u00ab&nbsp;aide \u00e0 apporter pour l\u2019avenir de la Syrie et des pays de la r\u00e9gion&nbsp;\u00bb (#SyriaConf2022) les 9&nbsp;et 10&nbsp;mai. Le Haut repr\u00e9sentant de l\u2019UE pour les affaires \u00e9trang\u00e8res et la politique [&hellip;]","og_url":"https:\/\/www.eumedbridge.eu\/fr\/syria-conference\/","og_site_name":"Voisins de l'UE","article_publisher":"https:\/\/www.facebook.com\/eumedbridge\/","article_modified_time":"2022-08-14T13:08:50+00:00","og_image":[{"width":1117,"height":448,"url":"https:\/\/www.eumedbridge.eu\/wp-content\/uploads\/2022\/06\/b6C-logo-EN.png","type":"image\/png"}],"twitter_card":"summary_large_image","twitter_site":"@eumedbridge","twitter_misc":{"Dur\u00e9e de lecture estim\u00e9e":"3 minutes"},"schema":{"@context":"https:\/\/schema.org","@graph":[{"@type":"WebPage","@id":"https:\/\/www.eumedbridge.eu\/fr\/syria-conference\/","url":"https:\/\/www.eumedbridge.eu\/fr\/syria-conference\/","name":"Conf\u00e9rence sur la Syrie - Voisins de l'UE","isPartOf":{"@id":"https:\/\/www.eumedbridge.eu\/#website"},"primaryImageOfPage":{"@id":"https:\/\/www.eumedbridge.eu\/fr\/syria-conference\/#primaryimage"},"image":{"@id":"https:\/\/www.eumedbridge.eu\/fr\/syria-conference\/#primaryimage"},"thumbnailUrl":"https:\/\/www.eumedbridge.eu\/wp-content\/uploads\/2022\/06\/b6C-logo-EN.png","datePublished":"2022-06-22T05:53:42+00:00","dateModified":"2022-08-14T13:08:50+00:00","breadcrumb":{"@id":"https:\/\/www.eumedbridge.eu\/fr\/syria-conference\/#breadcrumb"},"inLanguage":"fr-FR","potentialAction":[{"@type":"ReadAction","target":["https:\/\/www.eumedbridge.eu\/fr\/syria-conference\/"]}]},{"@type":"ImageObject","inLanguage":"fr-FR","@id":"https:\/\/www.eumedbridge.eu\/fr\/syria-conference\/#primaryimage","url":"https:\/\/www.eumedbridge.eu\/wp-content\/uploads\/2022\/06\/b6C-logo-EN.png","contentUrl":"https:\/\/www.eumedbridge.eu\/wp-content\/uploads\/2022\/06\/b6C-logo-EN.png","width":1117,"height":448},{"@type":"BreadcrumbList","@id":"https:\/\/www.eumedbridge.eu\/fr\/syria-conference\/#breadcrumb","itemListElement":[{"@type":"ListItem","position":1,"name":"Home","item":"https:\/\/www.eumedbridge.eu\/fr\/"},{"@type":"ListItem","position":2,"name":"Conf\u00e9rence sur la Syrie"}]},{"@type":"WebSite","@id":"https:\/\/www.eumedbridge.eu\/#website","url":"https:\/\/www.eumedbridge.eu\/","name":"EU Medbridge","description":"","publisher":{"@id":"https:\/\/www.eumedbridge.eu\/#organization"},"potentialAction":[{"@type":"SearchAction","target":{"@type":"EntryPoint","urlTemplate":"https:\/\/www.eumedbridge.eu\/?s={search_term_string}"},"query-input":{"@type":"PropertyValueSpecification","valueRequired":true,"valueName":"search_term_string"}}],"inLanguage":"fr-FR"},{"@type":"Organization","@id":"https:\/\/www.eumedbridge.eu\/#organization","name":"EU Medbridge","url":"https:\/\/www.eumedbridge.eu\/","logo":{"@type":"ImageObject","inLanguage":"fr-FR","@id":"https:\/\/www.eumedbridge.eu\/#\/schema\/logo\/image\/","url":"https:\/\/www.eumedbridge.eu\/wp-content\/uploads\/2021\/12\/Logo.png","contentUrl":"https:\/\/www.eumedbridge.eu\/wp-content\/uploads\/2021\/12\/Logo.png","width":325,"height":114,"caption":"EU Medbridge"},"image":{"@id":"https:\/\/www.eumedbridge.eu\/#\/schema\/logo\/image\/"},"sameAs":["https:\/\/www.facebook.com\/eumedbridge\/","https:\/\/x.com\/eumedbridge","https:\/\/www.linkedin.com\/company\/eumedbridge","https:\/\/www.youtube.com\/@eumedbridge","https:\/\/www.instagram.com\/eumedbridge","https:\/\/www.flickr.com\/photos\/euneighbours-south\/"]}]}},"_links":{"self":[{"href":"https:\/\/www.eumedbridge.eu\/fr\/wp-json\/wp\/v2\/pages\/182530","targetHints":{"allow":["GET"]}}],"collection":[{"href":"https:\/\/www.eumedbridge.eu\/fr\/wp-json\/wp\/v2\/pages"}],"about":[{"href":"https:\/\/www.eumedbridge.eu\/fr\/wp-json\/wp\/v2\/types\/page"}],"author":[{"embeddable":true,"href":"https:\/\/www.eumedbridge.eu\/fr\/wp-json\/wp\/v2\/users\/2"}],"replies":[{"embeddable":true,"href":"https:\/\/www.eumedbridge.eu\/fr\/wp-json\/wp\/v2\/comments?post=182530"}],"version-history":[{"count":0,"href":"https:\/\/www.eumedbridge.eu\/fr\/wp-json\/wp\/v2\/pages\/182530\/revisions"}],"wp:featuredmedia":[{"embeddable":true,"href":"https:\/\/www.eumedbridge.eu\/fr\/wp-json\/wp\/v2\/media\/182527"}],"wp:attachment":[{"href":"https:\/\/www.eumedbridge.eu\/fr\/wp-json\/wp\/v2\/media?parent=182530"}],"curies":[{"name":"wp","href":"https:\/\/api.w.org\/{rel}","templated":true}]}}