{"id":183167,"date":"2022-06-26T23:55:38","date_gmt":"2022-06-26T20:55:38","guid":{"rendered":"http:\/\/south.euneighbours.eu\/about-the-project\/"},"modified":"2026-03-12T21:42:23","modified_gmt":"2026-03-12T20:42:23","slug":"about-the-program","status":"publish","type":"page","link":"https:\/\/www.eumedbridge.eu\/fr\/about-the-program\/","title":{"rendered":"\u00c0 propos du programme"},"content":{"rendered":"<div class=\"aboutIntro\">\n<div class=\"container\">\n<div class=\"row\">\n<div class=\"col-md-6 img\"><img decoding=\"async\" data-src=\"\/wp-content\/themes\/eu-neighbors\/images\/about.jpg\" src=\"data:image\/svg+xml;base64,PHN2ZyB3aWR0aD0iMSIgaGVpZ2h0PSIxIiB4bWxucz0iaHR0cDovL3d3dy53My5vcmcvMjAwMC9zdmciPjwvc3ZnPg==\" class=\"lazyload\" style=\"--smush-placeholder-width: 582px; --smush-placeholder-aspect-ratio: 582\/435;\" \/><\/div>\n<div class=\"col-md-6 txt\">\n<p data-start=\"0\" data-end=\"431\"><strong data-start=\"0\" data-end=\"16\">EU MedBridge<\/strong> (anciennement <strong data-start=\"31\" data-end=\"54\">EU Neighbours South<\/strong>) est un programme r\u00e9gional de communication financ\u00e9 par la Direction g\u00e9n\u00e9rale pour le Moyen-Orient, l\u2019Afrique du Nord et le Golfe de la Commission europ\u00e9enne (<strong data-start=\"214\" data-end=\"225\">DG MENA<\/strong>). Il vise \u00e0 favoriser un environnement r\u00e9ceptif aux valeurs europ\u00e9ennes et \u00e0 am\u00e9liorer la perception du public \u00e0 l\u2019\u00e9gard de l\u2019Union europ\u00e9enne au Moyen-Orient, en Afrique du Nord et dans les pays du Golfe.<\/p>\n<p data-start=\"433\" data-end=\"942\">Le programme promeut les valeurs fondamentales de l\u2019UE en mettant en lumi\u00e8re les b\u00e9n\u00e9fices concrets des partenariats, afin de sensibiliser davantage le public et d\u2019am\u00e9liorer la compr\u00e9hension du r\u00f4le et des actions de l\u2019Union europ\u00e9enne. Ses principales activit\u00e9s incluent la mise en \u0153uvre de campagnes de communication int\u00e9gr\u00e9es, la cr\u00e9ation et l\u2019animation de r\u00e9seaux de jeunes et de m\u00e9dias, la r\u00e9alisation d\u2019\u00e9tudes d\u2019opinion publique et le renforcement des capacit\u00e9s de communication des D\u00e9l\u00e9gations de l\u2019UE.<\/p>\n<p data-start=\"944\" data-end=\"1272\">Le programme d\u00e9veloppe et entretient \u00e9galement un r\u00e9seau dynamique de jeunes relais et de partenaires m\u00e9diatiques afin de favoriser l\u2019engagement du public et d\u2019amplifier les messages. Il assure en parall\u00e8le un suivi r\u00e9gulier de la perception du public gr\u00e2ce \u00e0 des enqu\u00eates cibl\u00e9es et contribue \u00e0 lutter contre la d\u00e9sinformation.<\/p>\n<p data-start=\"1274\" data-end=\"1562\" data-is-last-node=\"\" data-is-only-node=\"\">Enfin, le programme est con\u00e7u pour r\u00e9pondre aux d\u00e9fis \u00e9mergents, notamment la d\u00e9sinformation, toute baisse \u00e9ventuelle de l\u2019image et de la visibilit\u00e9 de l\u2019UE, ainsi que le besoin de r\u00e9cits cr\u00e9dibles, convaincants et adapt\u00e9s aux contextes locaux dans un environnement g\u00e9opolitique complexe.<\/p>\n<\/div>\n<div class=\"col-md-12\">\n<p>Afin d\u2019atteindre son objectif, <strong data-start=\"0\" data-end=\"16\">EU MedBridge<\/strong> s\u2019engage dans une vari\u00e9t\u00e9 d\u2019activit\u00e9s, notamment :<\/p>\n<ul class=\"list\">\n<li><strong>Campagnes th\u00e9matiques<\/strong>: campagnes contribuant \u00e0 mettre en \u00e9vidence les solutions fournies par l\u2019UE dans des secteurs sp\u00e9cifiques d\u2019int\u00e9r\u00eat pour les publics r\u00e9gionaux.<\/li>\n<li><strong>Partage de contenu \u00e9ditorial et d\u2019informations<\/strong>: reportages, alertes d\u2019actualit\u00e9, cartes \u00e9lectroniques, bulletins d\u2019information et bandes dessin\u00e9es permettent de relayer diff\u00e9rents messages, initiatives et opportunit\u00e9s.<\/li>\n<li><strong>Sondages <\/strong><strong>d\u2019opinion\u00a0: <\/strong>sondages d\u2019opinion annuels r\u00e9alis\u00e9s dans chacun des 10\u00a0pays.<\/li>\n<li><strong>Jeunes connecteurs\u00a0: <\/strong>un r\u00e9seau de jeunes individus engag\u00e9s dans toute la r\u00e9gion qui participent aux projets financ\u00e9s par l\u2019UE du Programme et aux \u00e9v\u00e9nements et activit\u00e9s des D\u00e9l\u00e9gations.<\/li>\n<li><strong>Jeunes cr\u00e9ateurs\u00a0: <\/strong>des cr\u00e9ateurs de contenu de toute la r\u00e9gion coop\u00e8rent avec le programme pour aider \u00e0 diffuser des informations sur les opportunit\u00e9s et les messages cl\u00e9s sur l\u2019UE.<\/li>\n<li><strong>Ambassadeurs de bonne volont\u00e9 de l\u2019UE\u00a0: <\/strong>les jeunes cr\u00e9ateurs de contenu et connecteurs peuvent devenir des ambassadeurs de bonne volont\u00e9 de l\u2019UE, qui s\u2019engagent activement et fr\u00e9quemment \u00e0 communiquer aux c\u00f4t\u00e9s de l\u2019UE sur divers sujets et initiatives.<\/li>\n<li><strong>Communication num\u00e9rique<\/strong> : le site Internet <strong data-start=\"0\" data-end=\"16\">EU MedBridge<\/strong> est une source majeure d\u2019informations sur les actions de l\u2019UE dans la r\u00e9gion, tout comme nos pages\u00a0Twitter, Facebook, Instagram, YouTube, LinkedIn et Flickr.<\/li>\n<\/ul>\n<\/div>\n<\/div>\n<div class=\"ourwork-section\">\n<div class=\"container\">\n<h1 class=\"section-title\">Notre travail<\/h1>\n<div class=\"row\">\n<div class=\"col-md-4 item\">\n<div class=\"workHolder\">\n<p><img decoding=\"async\" class=\"work-icon ls-is-cached lazyloaded\" src=\"https:\/\/eumedbridge.eu\/wp-content\/uploads\/2022\/07\/impact1.svg\" alt=\"\" data-src=\"https:\/\/eumedbridge.eu\/wp-content\/uploads\/2022\/07\/impact1.svg\" \/><noscript><img decoding=\"async\" src=\"https:\/\/eumedbridge.eu\/wp-content\/uploads\/2022\/07\/impact1.svg\" alt=\"\" class=\"work-icon\"><\/noscript><\/p>\n<div class=\"details\">\n<div class=\"workitemtitle\">19 Pays<\/div>\n<\/div>\n<\/div>\n<\/div>\n<div class=\"col-md-4 item\">\n<div class=\"workHolder\">\n<p><img decoding=\"async\" class=\"work-icon ls-is-cached lazyloaded\" src=\"https:\/\/eumedbridge.eu\/wp-content\/uploads\/2022\/07\/impact2.svg\" alt=\"\" data-src=\"https:\/\/eumedbridge.eu\/wp-content\/uploads\/2022\/07\/impact2.svg\" \/><noscript><img decoding=\"async\" src=\"https:\/\/eumedbridge.eu\/wp-content\/uploads\/2022\/07\/impact2.svg\" alt=\"\" class=\"work-icon\"><\/noscript><\/p>\n<div class=\"details\">\n<div class=\"workitemtitle\">Campagnes Th\u00e9matiques<\/div>\n<p>&nbsp;<\/p>\n<\/div>\n<\/div>\n<\/div>\n<div class=\"col-md-4 item\">\n<div class=\"workHolder\">\n<p><img decoding=\"async\" class=\"work-icon ls-is-cached lazyloaded\" src=\"https:\/\/eumedbridge.eu\/wp-content\/uploads\/2022\/07\/impact3.svg\" alt=\"\" data-src=\"https:\/\/eumedbridge.eu\/wp-content\/uploads\/2022\/07\/impact3.svg\" \/><noscript><img decoding=\"async\" src=\"https:\/\/eumedbridge.eu\/wp-content\/uploads\/2022\/07\/impact3.svg\" alt=\"\" class=\"work-icon\"><\/noscript><\/p>\n<div class=\"details\">\n<div class=\"workitemtitle\">Youth Network<\/div>\n<p>Media Connect \/ EU Jeel Connect<\/p>\n<\/div>\n<\/div>\n<\/div>\n<div class=\"col-md-4 item\">\n<div class=\"workHolder\">\n<p><img decoding=\"async\" class=\"work-icon ls-is-cached lazyloaded\" src=\"https:\/\/eumedbridge.eu\/wp-content\/uploads\/2022\/07\/impact4.svg\" alt=\"\" data-src=\"https:\/\/eumedbridge.eu\/wp-content\/uploads\/2022\/07\/impact4.svg\" \/><noscript><img decoding=\"async\" src=\"https:\/\/eumedbridge.eu\/wp-content\/uploads\/2022\/07\/impact4.svg\" alt=\"\" class=\"work-icon\"><\/noscript><\/p>\n<div class=\"details\">\n<div class=\"workitemtitle\">Concours et comp\u00e9titions r\u00e9gionales<\/div>\n<\/div>\n<\/div>\n<\/div>\n<div class=\"col-md-4 item\">\n<div class=\"workHolder\">\n<p><img decoding=\"async\" class=\"work-icon ls-is-cached lazyloaded\" src=\"https:\/\/eumedbridge.eu\/wp-content\/uploads\/2022\/07\/impact5.svg\" alt=\"\" data-src=\"https:\/\/eumedbridge.eu\/wp-content\/uploads\/2022\/07\/impact5.svg\" \/><noscript><img decoding=\"async\" src=\"https:\/\/eumedbridge.eu\/wp-content\/uploads\/2022\/07\/impact5.svg\" alt=\"\" class=\"work-icon\"><\/noscript><\/p>\n<div class=\"details\">\n<div class=\"workitemtitle\">Sondages d&rsquo;opinion<\/div>\n<\/div>\n<\/div>\n<\/div>\n<div class=\"col-md-4 item\">\n<div class=\"workHolder\">\n<p><img decoding=\"async\" class=\"work-icon ls-is-cached lazyloaded\" src=\"https:\/\/eumedbridge.eu\/wp-content\/uploads\/2022\/07\/impact6.svg\" alt=\"\" data-src=\"https:\/\/eumedbridge.eu\/wp-content\/uploads\/2022\/07\/impact6.svg\" \/><noscript><img decoding=\"async\" src=\"https:\/\/eumedbridge.eu\/wp-content\/uploads\/2022\/07\/impact6.svg\" alt=\"\" class=\"work-icon\"><\/noscript><\/p>\n<div class=\"details\">\n<div class=\"workitemtitle\">Communication Num\u00e9rique<\/div>\n<\/div>\n<\/div>\n<\/div>\n<\/div>\n<\/div>\n<\/div>\n<p><!--\n\n\n<div class=\"teamListing\">\n\n\n<div class=\"container\">\n\n\n<h1 class=\"section-title\">Project Team<\/h1>\n\n\n\n\n<div class=\"row\">\n\n\n<div class=\"col-md-3\">\n\n\n<div class=\"member\">\n\n\n<div class=\"image\"><img decoding=\"async\" class=\"alignnone wp-image-210490 lazyload\" data-src=\"https:\/\/eumedbridge.eu\/wp-content\/uploads\/2022\/11\/Joumana_Brihi-300x300.jpg\" alt=\"\" width=\"270\" height=\"270\" data-srcset=\"https:\/\/www.eumedbridge.eu\/wp-content\/uploads\/2022\/11\/Joumana_Brihi-300x300.jpg 300w, https:\/\/www.eumedbridge.eu\/wp-content\/uploads\/2022\/11\/Joumana_Brihi-150x150.jpg 150w, https:\/\/www.eumedbridge.eu\/wp-content\/uploads\/2022\/11\/Joumana_Brihi-30x30.jpg 30w, https:\/\/www.eumedbridge.eu\/wp-content\/uploads\/2022\/11\/Joumana_Brihi-80x80.jpg 80w, https:\/\/www.eumedbridge.eu\/wp-content\/uploads\/2022\/11\/Joumana_Brihi-283x283.jpg 283w, https:\/\/www.eumedbridge.eu\/wp-content\/uploads\/2022\/11\/Joumana_Brihi-425x425.jpg 425w, https:\/\/www.eumedbridge.eu\/wp-content\/uploads\/2022\/11\/Joumana_Brihi.jpg 500w\" data-sizes=\"(max-width: 270px) 100vw, 270px\" src=\"data:image\/svg+xml;base64,PHN2ZyB3aWR0aD0iMSIgaGVpZ2h0PSIxIiB4bWxucz0iaHR0cDovL3d3dy53My5vcmcvMjAwMC9zdmciPjwvc3ZnPg==\" style=\"--smush-placeholder-width: 270px; --smush-placeholder-aspect-ratio: 270\/270;\" \/><\/div>\n\n\n\n\n<div class=\"info\">\n\n\n<div class=\"name\">Joumana Brihi<\/div>\n\n\n\n\n<div class=\"position\">Cheffe d\u2019\u00e9quipe<\/div>\n\n\n<\/div>\n\n\n<\/div>\n\n\n<\/div>\n\n\n\n\n<div class=\"col-md-3\">\n\n\n<div class=\"member\">\n\n\n<div class=\"image\"><img decoding=\"async\" data-src=\"\/wp-content\/themes\/eu-neighbors\/images\/member2.jpg\" src=\"data:image\/svg+xml;base64,PHN2ZyB3aWR0aD0iMSIgaGVpZ2h0PSIxIiB4bWxucz0iaHR0cDovL3d3dy53My5vcmcvMjAwMC9zdmciPjwvc3ZnPg==\" class=\"lazyload\" style=\"--smush-placeholder-width: 273px; --smush-placeholder-aspect-ratio: 273\/270;\" \/><\/div>\n\n\n\n\n<div class=\"info\">\n\n\n<div class=\"name\">Nada Abi Ghanem<\/div>\n\n\n\n\n<div class=\"position\">Coordinatrice des campagnes &amp; des r\u00e9seaux Jeunes<\/div>\n\n\n<\/div>\n\n\n<\/div>\n\n\n<\/div>\n\n\n\n\n<div class=\"col-md-3\">\n\n\n<div class=\"member\">\n\n\n<div class=\"image\"><img decoding=\"async\" data-src=\"\/wp-content\/themes\/eu-neighbors\/images\/member3.jpg\" src=\"data:image\/svg+xml;base64,PHN2ZyB3aWR0aD0iMSIgaGVpZ2h0PSIxIiB4bWxucz0iaHR0cDovL3d3dy53My5vcmcvMjAwMC9zdmciPjwvc3ZnPg==\" class=\"lazyload\" style=\"--smush-placeholder-width: 273px; --smush-placeholder-aspect-ratio: 273\/270;\" \/><\/div>\n\n\n\n\n<div class=\"info\">\n\n\n<div class=\"name\">Rym Benarous<\/div>\n\n\n\n\n<div class=\"position\">Responsable de l\u2019Information et de la Communication<\/div>\n\n\n<\/div>\n\n\n<\/div>\n\n\n<\/div>\n\n\n\n\n<div class=\"col-md-3\">\n\n\n<div class=\"member\">\n\n\n<div class=\"image\"><img decoding=\"async\" data-src=\"\/wp-content\/themes\/eu-neighbors\/images\/member4.jpg\" src=\"data:image\/svg+xml;base64,PHN2ZyB3aWR0aD0iMSIgaGVpZ2h0PSIxIiB4bWxucz0iaHR0cDovL3d3dy53My5vcmcvMjAwMC9zdmciPjwvc3ZnPg==\" class=\"lazyload\" style=\"--smush-placeholder-width: 273px; --smush-placeholder-aspect-ratio: 273\/270;\" \/><\/div>\n\n\n\n\n<div class=\"info\">\n\n\n<div class=\"name\">Nidhal Battikh<\/div>\n\n\n\n\n<div class=\"position\">Manager de la Communication Digitale<\/div>\n\n\n<\/div>\n\n\n<\/div>\n\n\n<\/div>\n\n\n<\/div>\n\n\n<\/div>\n\n\n<\/div>\n\n\n\n\n<div class=\"position\"><strong>L'\u00e9quipe \u00e9largie d\u2019EU Neighbours South<\/strong> comprend <strong>plus de 25 experts non cl\u00e9s<\/strong> r\u00e9partis dans <strong>9 pays<\/strong>. Cette \u00e9quipe \u00e9tendue travaille sur divers aspects des composantes du programme afin de <strong>soutenir la gestion des r\u00e9seaux de jeunesse et des m\u00e9dias<\/strong>, cr\u00e9er des <strong>designs et des vid\u00e9os exceptionnels et cr\u00e9atifs<\/strong>, assister \u00e0 l\u2019\u00e9laboration et \u00e0 la <strong>mise en \u0153uvre des campagnes<\/strong>, r\u00e9diger des rapports de <strong>sondages d\u2019opinion<\/strong> et bien plus encore.<\/div>\n\n\n<\/div>\n\n\n<\/div>\n\n\n<span style=\"display: inline-block; width: 0px; overflow: hidden; line-height: 0;\" data-mce-type=\"bookmark\" class=\"mce_SELRES_start\"><\/span>--><\/p>\n<\/div>\n<\/div>\n","protected":false},"excerpt":{"rendered":"<p>EU MedBridge (anciennement EU Neighbours South) est un programme r\u00e9gional de communication financ\u00e9 par la Direction g\u00e9n\u00e9rale pour le Moyen-Orient, l\u2019Afrique du Nord et le Golfe de la Commission europ\u00e9enne (DG MENA). Il vise \u00e0 favoriser un environnement r\u00e9ceptif aux valeurs europ\u00e9ennes et \u00e0 am\u00e9liorer la perception du public \u00e0 l\u2019\u00e9gard de l\u2019Union europ\u00e9enne au [&hellip;]<\/p>\n","protected":false},"author":2,"featured_media":0,"parent":0,"menu_order":0,"comment_status":"closed","ping_status":"closed","template":"page-jeel-connect.php","meta":{"_acf_changed":false,"footnotes":""},"class_list":["post-183167","page","type-page","status-publish","hentry"],"acf":[],"yoast_head":"<!-- This site is optimized with the Yoast SEO plugin v26.5 - https:\/\/yoast.com\/wordpress\/plugins\/seo\/ -->\n<title>\u00c0 propos du programme - Voisins de l&#039;UE<\/title>\n<meta name=\"robots\" content=\"index, follow, max-snippet:-1, max-image-preview:large, max-video-preview:-1\" \/>\n<link rel=\"canonical\" href=\"https:\/\/www.eumedbridge.eu\/fr\/about-the-program\/\" \/>\n<meta property=\"og:locale\" content=\"fr_FR\" \/>\n<meta property=\"og:type\" content=\"article\" \/>\n<meta property=\"og:title\" content=\"\u00c0 propos du programme - Voisins de l&#039;UE\" \/>\n<meta property=\"og:description\" content=\"EU MedBridge (anciennement EU Neighbours South) est un programme r\u00e9gional de communication financ\u00e9 par la Direction g\u00e9n\u00e9rale pour le Moyen-Orient, l\u2019Afrique du Nord et le Golfe de la Commission europ\u00e9enne (DG MENA). Il vise \u00e0 favoriser un environnement r\u00e9ceptif aux valeurs europ\u00e9ennes et \u00e0 am\u00e9liorer la perception du public \u00e0 l\u2019\u00e9gard de l\u2019Union europ\u00e9enne au [&hellip;]\" \/>\n<meta property=\"og:url\" content=\"https:\/\/www.eumedbridge.eu\/fr\/about-the-program\/\" \/>\n<meta property=\"og:site_name\" content=\"Voisins de l&#039;UE\" \/>\n<meta property=\"article:publisher\" content=\"https:\/\/www.facebook.com\/eumedbridge\/\" \/>\n<meta property=\"article:modified_time\" content=\"2026-03-12T20:42:23+00:00\" \/>\n<meta property=\"og:image\" content=\"https:\/\/eumedbridge.eu\/wp-content\/uploads\/2022\/07\/impact1.svg\" \/>\n<meta name=\"twitter:card\" content=\"summary_large_image\" \/>\n<meta name=\"twitter:site\" content=\"@eumedbridge\" \/>\n<meta name=\"twitter:label1\" content=\"Dur\u00e9e de lecture estim\u00e9e\" \/>\n\t<meta name=\"twitter:data1\" content=\"4 minutes\" \/>\n<script type=\"application\/ld+json\" class=\"yoast-schema-graph\">{\"@context\":\"https:\/\/schema.org\",\"@graph\":[{\"@type\":\"WebPage\",\"@id\":\"https:\/\/www.eumedbridge.eu\/fr\/about-the-program\/\",\"url\":\"https:\/\/www.eumedbridge.eu\/fr\/about-the-program\/\",\"name\":\"\u00c0 propos du programme - Voisins de l'UE\",\"isPartOf\":{\"@id\":\"https:\/\/www.eumedbridge.eu\/#website\"},\"primaryImageOfPage\":{\"@id\":\"https:\/\/www.eumedbridge.eu\/fr\/about-the-program\/#primaryimage\"},\"image\":{\"@id\":\"https:\/\/www.eumedbridge.eu\/fr\/about-the-program\/#primaryimage\"},\"thumbnailUrl\":\"https:\/\/eumedbridge.eu\/wp-content\/uploads\/2022\/07\/impact1.svg\",\"datePublished\":\"2022-06-26T20:55:38+00:00\",\"dateModified\":\"2026-03-12T20:42:23+00:00\",\"breadcrumb\":{\"@id\":\"https:\/\/www.eumedbridge.eu\/fr\/about-the-program\/#breadcrumb\"},\"inLanguage\":\"fr-FR\",\"potentialAction\":[{\"@type\":\"ReadAction\",\"target\":[\"https:\/\/www.eumedbridge.eu\/fr\/about-the-program\/\"]}]},{\"@type\":\"ImageObject\",\"inLanguage\":\"fr-FR\",\"@id\":\"https:\/\/www.eumedbridge.eu\/fr\/about-the-program\/#primaryimage\",\"url\":\"https:\/\/eumedbridge.eu\/wp-content\/uploads\/2022\/07\/impact1.svg\",\"contentUrl\":\"https:\/\/eumedbridge.eu\/wp-content\/uploads\/2022\/07\/impact1.svg\"},{\"@type\":\"BreadcrumbList\",\"@id\":\"https:\/\/www.eumedbridge.eu\/fr\/about-the-program\/#breadcrumb\",\"itemListElement\":[{\"@type\":\"ListItem\",\"position\":1,\"name\":\"Home\",\"item\":\"https:\/\/www.eumedbridge.eu\/fr\/\"},{\"@type\":\"ListItem\",\"position\":2,\"name\":\"\u00c0 propos du programme\"}]},{\"@type\":\"WebSite\",\"@id\":\"https:\/\/www.eumedbridge.eu\/#website\",\"url\":\"https:\/\/www.eumedbridge.eu\/\",\"name\":\"EU Medbridge\",\"description\":\"\",\"publisher\":{\"@id\":\"https:\/\/www.eumedbridge.eu\/#organization\"},\"potentialAction\":[{\"@type\":\"SearchAction\",\"target\":{\"@type\":\"EntryPoint\",\"urlTemplate\":\"https:\/\/www.eumedbridge.eu\/?s={search_term_string}\"},\"query-input\":{\"@type\":\"PropertyValueSpecification\",\"valueRequired\":true,\"valueName\":\"search_term_string\"}}],\"inLanguage\":\"fr-FR\"},{\"@type\":\"Organization\",\"@id\":\"https:\/\/www.eumedbridge.eu\/#organization\",\"name\":\"EU Medbridge\",\"url\":\"https:\/\/www.eumedbridge.eu\/\",\"logo\":{\"@type\":\"ImageObject\",\"inLanguage\":\"fr-FR\",\"@id\":\"https:\/\/www.eumedbridge.eu\/#\/schema\/logo\/image\/\",\"url\":\"https:\/\/www.eumedbridge.eu\/wp-content\/uploads\/2021\/12\/Logo.png\",\"contentUrl\":\"https:\/\/www.eumedbridge.eu\/wp-content\/uploads\/2021\/12\/Logo.png\",\"width\":325,\"height\":114,\"caption\":\"EU Medbridge\"},\"image\":{\"@id\":\"https:\/\/www.eumedbridge.eu\/#\/schema\/logo\/image\/\"},\"sameAs\":[\"https:\/\/www.facebook.com\/eumedbridge\/\",\"https:\/\/x.com\/eumedbridge\",\"https:\/\/www.linkedin.com\/company\/eumedbridge\",\"https:\/\/www.youtube.com\/@eumedbridge\",\"https:\/\/www.instagram.com\/eumedbridge\",\"https:\/\/www.flickr.com\/photos\/euneighbours-south\/\"]}]}<\/script>\n<!-- \/ Yoast SEO plugin. -->","yoast_head_json":{"title":"\u00c0 propos du programme - Voisins de l'UE","robots":{"index":"index","follow":"follow","max-snippet":"max-snippet:-1","max-image-preview":"max-image-preview:large","max-video-preview":"max-video-preview:-1"},"canonical":"https:\/\/www.eumedbridge.eu\/fr\/about-the-program\/","og_locale":"fr_FR","og_type":"article","og_title":"\u00c0 propos du programme - Voisins de l'UE","og_description":"EU MedBridge (anciennement EU Neighbours South) est un programme r\u00e9gional de communication financ\u00e9 par la Direction g\u00e9n\u00e9rale pour le Moyen-Orient, l\u2019Afrique du Nord et le Golfe de la Commission europ\u00e9enne (DG MENA). Il vise \u00e0 favoriser un environnement r\u00e9ceptif aux valeurs europ\u00e9ennes et \u00e0 am\u00e9liorer la perception du public \u00e0 l\u2019\u00e9gard de l\u2019Union europ\u00e9enne au [&hellip;]","og_url":"https:\/\/www.eumedbridge.eu\/fr\/about-the-program\/","og_site_name":"Voisins de l'UE","article_publisher":"https:\/\/www.facebook.com\/eumedbridge\/","article_modified_time":"2026-03-12T20:42:23+00:00","og_image":[{"url":"https:\/\/eumedbridge.eu\/wp-content\/uploads\/2022\/07\/impact1.svg","type":"","width":"","height":""}],"twitter_card":"summary_large_image","twitter_site":"@eumedbridge","twitter_misc":{"Dur\u00e9e de lecture estim\u00e9e":"4 minutes"},"schema":{"@context":"https:\/\/schema.org","@graph":[{"@type":"WebPage","@id":"https:\/\/www.eumedbridge.eu\/fr\/about-the-program\/","url":"https:\/\/www.eumedbridge.eu\/fr\/about-the-program\/","name":"\u00c0 propos du programme - Voisins de l'UE","isPartOf":{"@id":"https:\/\/www.eumedbridge.eu\/#website"},"primaryImageOfPage":{"@id":"https:\/\/www.eumedbridge.eu\/fr\/about-the-program\/#primaryimage"},"image":{"@id":"https:\/\/www.eumedbridge.eu\/fr\/about-the-program\/#primaryimage"},"thumbnailUrl":"https:\/\/eumedbridge.eu\/wp-content\/uploads\/2022\/07\/impact1.svg","datePublished":"2022-06-26T20:55:38+00:00","dateModified":"2026-03-12T20:42:23+00:00","breadcrumb":{"@id":"https:\/\/www.eumedbridge.eu\/fr\/about-the-program\/#breadcrumb"},"inLanguage":"fr-FR","potentialAction":[{"@type":"ReadAction","target":["https:\/\/www.eumedbridge.eu\/fr\/about-the-program\/"]}]},{"@type":"ImageObject","inLanguage":"fr-FR","@id":"https:\/\/www.eumedbridge.eu\/fr\/about-the-program\/#primaryimage","url":"https:\/\/eumedbridge.eu\/wp-content\/uploads\/2022\/07\/impact1.svg","contentUrl":"https:\/\/eumedbridge.eu\/wp-content\/uploads\/2022\/07\/impact1.svg"},{"@type":"BreadcrumbList","@id":"https:\/\/www.eumedbridge.eu\/fr\/about-the-program\/#breadcrumb","itemListElement":[{"@type":"ListItem","position":1,"name":"Home","item":"https:\/\/www.eumedbridge.eu\/fr\/"},{"@type":"ListItem","position":2,"name":"\u00c0 propos du programme"}]},{"@type":"WebSite","@id":"https:\/\/www.eumedbridge.eu\/#website","url":"https:\/\/www.eumedbridge.eu\/","name":"EU Medbridge","description":"","publisher":{"@id":"https:\/\/www.eumedbridge.eu\/#organization"},"potentialAction":[{"@type":"SearchAction","target":{"@type":"EntryPoint","urlTemplate":"https:\/\/www.eumedbridge.eu\/?s={search_term_string}"},"query-input":{"@type":"PropertyValueSpecification","valueRequired":true,"valueName":"search_term_string"}}],"inLanguage":"fr-FR"},{"@type":"Organization","@id":"https:\/\/www.eumedbridge.eu\/#organization","name":"EU Medbridge","url":"https:\/\/www.eumedbridge.eu\/","logo":{"@type":"ImageObject","inLanguage":"fr-FR","@id":"https:\/\/www.eumedbridge.eu\/#\/schema\/logo\/image\/","url":"https:\/\/www.eumedbridge.eu\/wp-content\/uploads\/2021\/12\/Logo.png","contentUrl":"https:\/\/www.eumedbridge.eu\/wp-content\/uploads\/2021\/12\/Logo.png","width":325,"height":114,"caption":"EU Medbridge"},"image":{"@id":"https:\/\/www.eumedbridge.eu\/#\/schema\/logo\/image\/"},"sameAs":["https:\/\/www.facebook.com\/eumedbridge\/","https:\/\/x.com\/eumedbridge","https:\/\/www.linkedin.com\/company\/eumedbridge","https:\/\/www.youtube.com\/@eumedbridge","https:\/\/www.instagram.com\/eumedbridge","https:\/\/www.flickr.com\/photos\/euneighbours-south\/"]}]}},"_links":{"self":[{"href":"https:\/\/www.eumedbridge.eu\/fr\/wp-json\/wp\/v2\/pages\/183167","targetHints":{"allow":["GET"]}}],"collection":[{"href":"https:\/\/www.eumedbridge.eu\/fr\/wp-json\/wp\/v2\/pages"}],"about":[{"href":"https:\/\/www.eumedbridge.eu\/fr\/wp-json\/wp\/v2\/types\/page"}],"author":[{"embeddable":true,"href":"https:\/\/www.eumedbridge.eu\/fr\/wp-json\/wp\/v2\/users\/2"}],"replies":[{"embeddable":true,"href":"https:\/\/www.eumedbridge.eu\/fr\/wp-json\/wp\/v2\/comments?post=183167"}],"version-history":[{"count":2,"href":"https:\/\/www.eumedbridge.eu\/fr\/wp-json\/wp\/v2\/pages\/183167\/revisions"}],"predecessor-version":[{"id":246272,"href":"https:\/\/www.eumedbridge.eu\/fr\/wp-json\/wp\/v2\/pages\/183167\/revisions\/246272"}],"wp:attachment":[{"href":"https:\/\/www.eumedbridge.eu\/fr\/wp-json\/wp\/v2\/media?parent=183167"}],"curies":[{"name":"wp","href":"https:\/\/api.w.org\/{rel}","templated":true}]}}