{"id":183174,"date":"2022-06-27T00:07:31","date_gmt":"2022-06-26T21:07:31","guid":{"rendered":"http:\/\/south.euneighbours.eu\/policy\/"},"modified":"2022-09-01T20:32:01","modified_gmt":"2022-09-01T17:32:01","slug":"policy","status":"publish","type":"page","link":"https:\/\/www.eumedbridge.eu\/fr\/policy\/","title":{"rendered":"Politique"},"content":{"rendered":"<div class=\"south\">\n<div class=\"policy\">\n<h3 class=\"video-item__title\"><a href=\"https:\/\/ec.europa.eu\/neighbourhood-enlargement\/european-neighbourhood-policy_en\" hreflang=\"fr\">La Politique europ\u00e9enne de voisinage (PEV)<\/a><\/h3>\n<p>La Politique europ\u00e9enne de voisinage (PEV) r\u00e9git les relations de l\u2019UE avec 16 de ses plus proches voisins. Ceux du sud\u00a0: Alg\u00e9rie, \u00c9gypte, Isra\u00ebl, Jordanie, Liban, Libye, Maroc, Palestine*, Syrie et Tunisie\u00a0et ceux de l\u2019est\u00a0: l\u2019Arm\u00e9nie, l\u2019Azerba\u00efdjan,\u00a0la Bi\u00e9lorussie,\u00a0la G\u00e9orgie,\u00a0la Moldavie\u00a0et\u00a0l\u2019Ukraine. La Russie\u00a0participe \u00e0 des activit\u00e9s de coop\u00e9ration transfrontali\u00e8re dans le cadre de la Politique europ\u00e9enne de voisinage, mais n\u2019est pas partie prenante \u00e0 la PEV en tant que telle.<br \/>\nDans le cadre d\u2019une nouvelle PEV r\u00e9vis\u00e9e,\u00a0la stabilisation de la r\u00e9gion, en termes politique, \u00e9conomique et s\u00e9curitaire, sera au c\u0153ur de la nouvelle politique. En outre, la PEV r\u00e9vis\u00e9e met fortement l\u2019accent sur deux\u00a0principes\u00a0: une approche diff\u00e9renci\u00e9e, afin de respecter les aspirations de nos partenaires.<\/p>\n<p>&nbsp;<\/p>\n<h3 class=\"video-item__title\"><a href=\"http:\/\/south.euneighbours.eu\/fr\/the-european-neighbourhood-instrument-eni\/\" hreflang=\"fr\">L&rsquo;instrument europ\u00e9en de voisinage (IEV)<\/a><\/h3>\n<p>La Politique europ\u00e9enne de voisinage (PEV) r\u00e9git les relations de l\u2019UE avec 16 de ses plus proches voisins. Ceux du sud\u00a0: Alg\u00e9rie, \u00c9gypte, Isra\u00ebl, Jordanie, Liban, Libye, Maroc, Palestine*, Syrie et Tunisie\u00a0et ceux de l\u2019est\u00a0: l\u2019Arm\u00e9nie, l\u2019Azerba\u00efdjan,\u00a0la Bi\u00e9lorussie,\u00a0la G\u00e9orgie,\u00a0la Moldavie\u00a0et\u00a0l\u2019Ukraine. La Russie\u00a0participe \u00e0 des activit\u00e9s de coop\u00e9ration transfrontali\u00e8re dans le cadre de la Politique europ\u00e9enne de voisinage, mais n\u2019est pas partie prenante \u00e0 la PEV en tant que telle.<br \/>\nDans le cadre d\u2019une nouvelle PEV r\u00e9vis\u00e9e,\u00a0<strong>la stabilisation de la r\u00e9gion, en termes politique, \u00e9conomique et s\u00e9curitaire<\/strong>, sera au c\u0153ur de la nouvelle politique. En outre, la PEV r\u00e9vis\u00e9e met fortement l\u2019accent sur deux\u00a0principes\u00a0: une approche diff\u00e9renci\u00e9e, afin de respecter les aspirations de nos partenaires.<\/p>\n<p>&nbsp;<\/p>\n<h3 class=\"video-item__title\"><a href=\"https:\/\/ufmsecretariat.org\/fr\/\" hreflang=\"fr\">UpM: Relance du Processus de Barcelone<\/a><\/h3>\n<p>L\u2019Union pour la M\u00e9diterran\u00e9e est une institution intergouvernementale r\u00e9unissant les \u00c9tats membres de l\u2019Union europ\u00e9enne et 15 pays des rives sud et est de la M\u00e9diterran\u00e9e afin de renforcer la coop\u00e9ration r\u00e9gionale, le dialogue et la mise en \u0153uvre d\u2019initiatives et de projets concrets ayant un impact direct sur nos citoyens, en particulier les jeunes et les femmes, autour des trois priorit\u00e9s strat\u00e9giques de la M\u00e9diterran\u00e9e : stabilit\u00e9, d\u00e9veloppement humain et int\u00e9gration.<\/p>\n<\/div>\n","protected":false},"excerpt":{"rendered":"<p>La Politique europ\u00e9enne de voisinage (PEV) La Politique europ\u00e9enne de voisinage (PEV) r\u00e9git les relations de l\u2019UE avec 16 de ses plus proches voisins. Ceux du sud\u00a0: Alg\u00e9rie, \u00c9gypte, Isra\u00ebl, Jordanie, Liban, Libye, Maroc, Palestine*, Syrie et Tunisie\u00a0et ceux de l\u2019est\u00a0: l\u2019Arm\u00e9nie, l\u2019Azerba\u00efdjan,\u00a0la Bi\u00e9lorussie,\u00a0la G\u00e9orgie,\u00a0la Moldavie\u00a0et\u00a0l\u2019Ukraine. La Russie\u00a0participe \u00e0 des activit\u00e9s de coop\u00e9ration transfrontali\u00e8re dans [&hellip;]<\/p>\n","protected":false},"author":2,"featured_media":0,"parent":0,"menu_order":0,"comment_status":"closed","ping_status":"closed","template":"page-jeel-connect.php","meta":{"_acf_changed":false,"footnotes":""},"class_list":["post-183174","page","type-page","status-publish","hentry"],"acf":[],"yoast_head":"<!-- This site is optimized with the Yoast SEO plugin v26.5 - https:\/\/yoast.com\/wordpress\/plugins\/seo\/ -->\n<title>Politique - Voisins de l&#039;UE<\/title>\n<meta name=\"robots\" content=\"index, follow, max-snippet:-1, max-image-preview:large, max-video-preview:-1\" \/>\n<link rel=\"canonical\" href=\"https:\/\/www.eumedbridge.eu\/fr\/policy\/\" \/>\n<meta property=\"og:locale\" content=\"fr_FR\" \/>\n<meta property=\"og:type\" content=\"article\" \/>\n<meta property=\"og:title\" content=\"Politique - Voisins de l&#039;UE\" \/>\n<meta property=\"og:description\" content=\"La Politique europ\u00e9enne de voisinage (PEV) La Politique europ\u00e9enne de voisinage (PEV) r\u00e9git les relations de l\u2019UE avec 16 de ses plus proches voisins. Ceux du sud\u00a0: Alg\u00e9rie, \u00c9gypte, Isra\u00ebl, Jordanie, Liban, Libye, Maroc, Palestine*, Syrie et Tunisie\u00a0et ceux de l\u2019est\u00a0: l\u2019Arm\u00e9nie, l\u2019Azerba\u00efdjan,\u00a0la Bi\u00e9lorussie,\u00a0la G\u00e9orgie,\u00a0la Moldavie\u00a0et\u00a0l\u2019Ukraine. La Russie\u00a0participe \u00e0 des activit\u00e9s de coop\u00e9ration transfrontali\u00e8re dans [&hellip;]\" \/>\n<meta property=\"og:url\" content=\"https:\/\/www.eumedbridge.eu\/fr\/policy\/\" \/>\n<meta property=\"og:site_name\" content=\"Voisins de l&#039;UE\" \/>\n<meta property=\"article:publisher\" content=\"https:\/\/www.facebook.com\/eumedbridge\/\" \/>\n<meta property=\"article:modified_time\" content=\"2022-09-01T17:32:01+00:00\" \/>\n<meta name=\"twitter:card\" content=\"summary_large_image\" \/>\n<meta name=\"twitter:site\" content=\"@eumedbridge\" \/>\n<meta name=\"twitter:label1\" content=\"Dur\u00e9e de lecture estim\u00e9e\" \/>\n\t<meta name=\"twitter:data1\" content=\"2 minutes\" \/>\n<script type=\"application\/ld+json\" class=\"yoast-schema-graph\">{\"@context\":\"https:\/\/schema.org\",\"@graph\":[{\"@type\":\"WebPage\",\"@id\":\"https:\/\/www.eumedbridge.eu\/fr\/policy\/\",\"url\":\"https:\/\/www.eumedbridge.eu\/fr\/policy\/\",\"name\":\"Politique - Voisins de l'UE\",\"isPartOf\":{\"@id\":\"https:\/\/www.eumedbridge.eu\/#website\"},\"datePublished\":\"2022-06-26T21:07:31+00:00\",\"dateModified\":\"2022-09-01T17:32:01+00:00\",\"breadcrumb\":{\"@id\":\"https:\/\/www.eumedbridge.eu\/fr\/policy\/#breadcrumb\"},\"inLanguage\":\"fr-FR\",\"potentialAction\":[{\"@type\":\"ReadAction\",\"target\":[\"https:\/\/www.eumedbridge.eu\/fr\/policy\/\"]}]},{\"@type\":\"BreadcrumbList\",\"@id\":\"https:\/\/www.eumedbridge.eu\/fr\/policy\/#breadcrumb\",\"itemListElement\":[{\"@type\":\"ListItem\",\"position\":1,\"name\":\"Home\",\"item\":\"https:\/\/www.eumedbridge.eu\/fr\/\"},{\"@type\":\"ListItem\",\"position\":2,\"name\":\"Politique\"}]},{\"@type\":\"WebSite\",\"@id\":\"https:\/\/www.eumedbridge.eu\/#website\",\"url\":\"https:\/\/www.eumedbridge.eu\/\",\"name\":\"EU Medbridge\",\"description\":\"\",\"publisher\":{\"@id\":\"https:\/\/www.eumedbridge.eu\/#organization\"},\"potentialAction\":[{\"@type\":\"SearchAction\",\"target\":{\"@type\":\"EntryPoint\",\"urlTemplate\":\"https:\/\/www.eumedbridge.eu\/?s={search_term_string}\"},\"query-input\":{\"@type\":\"PropertyValueSpecification\",\"valueRequired\":true,\"valueName\":\"search_term_string\"}}],\"inLanguage\":\"fr-FR\"},{\"@type\":\"Organization\",\"@id\":\"https:\/\/www.eumedbridge.eu\/#organization\",\"name\":\"EU Medbridge\",\"url\":\"https:\/\/www.eumedbridge.eu\/\",\"logo\":{\"@type\":\"ImageObject\",\"inLanguage\":\"fr-FR\",\"@id\":\"https:\/\/www.eumedbridge.eu\/#\/schema\/logo\/image\/\",\"url\":\"https:\/\/www.eumedbridge.eu\/wp-content\/uploads\/2021\/12\/Logo.png\",\"contentUrl\":\"https:\/\/www.eumedbridge.eu\/wp-content\/uploads\/2021\/12\/Logo.png\",\"width\":325,\"height\":114,\"caption\":\"EU Medbridge\"},\"image\":{\"@id\":\"https:\/\/www.eumedbridge.eu\/#\/schema\/logo\/image\/\"},\"sameAs\":[\"https:\/\/www.facebook.com\/eumedbridge\/\",\"https:\/\/x.com\/eumedbridge\",\"https:\/\/www.linkedin.com\/company\/eumedbridge\",\"https:\/\/www.youtube.com\/@eumedbridge\",\"https:\/\/www.instagram.com\/eumedbridge\",\"https:\/\/www.flickr.com\/photos\/euneighbours-south\/\"]}]}<\/script>\n<!-- \/ Yoast SEO plugin. -->","yoast_head_json":{"title":"Politique - Voisins de l'UE","robots":{"index":"index","follow":"follow","max-snippet":"max-snippet:-1","max-image-preview":"max-image-preview:large","max-video-preview":"max-video-preview:-1"},"canonical":"https:\/\/www.eumedbridge.eu\/fr\/policy\/","og_locale":"fr_FR","og_type":"article","og_title":"Politique - Voisins de l'UE","og_description":"La Politique europ\u00e9enne de voisinage (PEV) La Politique europ\u00e9enne de voisinage (PEV) r\u00e9git les relations de l\u2019UE avec 16 de ses plus proches voisins. Ceux du sud\u00a0: Alg\u00e9rie, \u00c9gypte, Isra\u00ebl, Jordanie, Liban, Libye, Maroc, Palestine*, Syrie et Tunisie\u00a0et ceux de l\u2019est\u00a0: l\u2019Arm\u00e9nie, l\u2019Azerba\u00efdjan,\u00a0la Bi\u00e9lorussie,\u00a0la G\u00e9orgie,\u00a0la Moldavie\u00a0et\u00a0l\u2019Ukraine. La Russie\u00a0participe \u00e0 des activit\u00e9s de coop\u00e9ration transfrontali\u00e8re dans [&hellip;]","og_url":"https:\/\/www.eumedbridge.eu\/fr\/policy\/","og_site_name":"Voisins de l'UE","article_publisher":"https:\/\/www.facebook.com\/eumedbridge\/","article_modified_time":"2022-09-01T17:32:01+00:00","twitter_card":"summary_large_image","twitter_site":"@eumedbridge","twitter_misc":{"Dur\u00e9e de lecture estim\u00e9e":"2 minutes"},"schema":{"@context":"https:\/\/schema.org","@graph":[{"@type":"WebPage","@id":"https:\/\/www.eumedbridge.eu\/fr\/policy\/","url":"https:\/\/www.eumedbridge.eu\/fr\/policy\/","name":"Politique - Voisins de l'UE","isPartOf":{"@id":"https:\/\/www.eumedbridge.eu\/#website"},"datePublished":"2022-06-26T21:07:31+00:00","dateModified":"2022-09-01T17:32:01+00:00","breadcrumb":{"@id":"https:\/\/www.eumedbridge.eu\/fr\/policy\/#breadcrumb"},"inLanguage":"fr-FR","potentialAction":[{"@type":"ReadAction","target":["https:\/\/www.eumedbridge.eu\/fr\/policy\/"]}]},{"@type":"BreadcrumbList","@id":"https:\/\/www.eumedbridge.eu\/fr\/policy\/#breadcrumb","itemListElement":[{"@type":"ListItem","position":1,"name":"Home","item":"https:\/\/www.eumedbridge.eu\/fr\/"},{"@type":"ListItem","position":2,"name":"Politique"}]},{"@type":"WebSite","@id":"https:\/\/www.eumedbridge.eu\/#website","url":"https:\/\/www.eumedbridge.eu\/","name":"EU Medbridge","description":"","publisher":{"@id":"https:\/\/www.eumedbridge.eu\/#organization"},"potentialAction":[{"@type":"SearchAction","target":{"@type":"EntryPoint","urlTemplate":"https:\/\/www.eumedbridge.eu\/?s={search_term_string}"},"query-input":{"@type":"PropertyValueSpecification","valueRequired":true,"valueName":"search_term_string"}}],"inLanguage":"fr-FR"},{"@type":"Organization","@id":"https:\/\/www.eumedbridge.eu\/#organization","name":"EU Medbridge","url":"https:\/\/www.eumedbridge.eu\/","logo":{"@type":"ImageObject","inLanguage":"fr-FR","@id":"https:\/\/www.eumedbridge.eu\/#\/schema\/logo\/image\/","url":"https:\/\/www.eumedbridge.eu\/wp-content\/uploads\/2021\/12\/Logo.png","contentUrl":"https:\/\/www.eumedbridge.eu\/wp-content\/uploads\/2021\/12\/Logo.png","width":325,"height":114,"caption":"EU Medbridge"},"image":{"@id":"https:\/\/www.eumedbridge.eu\/#\/schema\/logo\/image\/"},"sameAs":["https:\/\/www.facebook.com\/eumedbridge\/","https:\/\/x.com\/eumedbridge","https:\/\/www.linkedin.com\/company\/eumedbridge","https:\/\/www.youtube.com\/@eumedbridge","https:\/\/www.instagram.com\/eumedbridge","https:\/\/www.flickr.com\/photos\/euneighbours-south\/"]}]}},"_links":{"self":[{"href":"https:\/\/www.eumedbridge.eu\/fr\/wp-json\/wp\/v2\/pages\/183174","targetHints":{"allow":["GET"]}}],"collection":[{"href":"https:\/\/www.eumedbridge.eu\/fr\/wp-json\/wp\/v2\/pages"}],"about":[{"href":"https:\/\/www.eumedbridge.eu\/fr\/wp-json\/wp\/v2\/types\/page"}],"author":[{"embeddable":true,"href":"https:\/\/www.eumedbridge.eu\/fr\/wp-json\/wp\/v2\/users\/2"}],"replies":[{"embeddable":true,"href":"https:\/\/www.eumedbridge.eu\/fr\/wp-json\/wp\/v2\/comments?post=183174"}],"version-history":[{"count":0,"href":"https:\/\/www.eumedbridge.eu\/fr\/wp-json\/wp\/v2\/pages\/183174\/revisions"}],"wp:attachment":[{"href":"https:\/\/www.eumedbridge.eu\/fr\/wp-json\/wp\/v2\/media?parent=183174"}],"curies":[{"name":"wp","href":"https:\/\/api.w.org\/{rel}","templated":true}]}}