{"id":241755,"date":"2025-08-19T13:32:12","date_gmt":"2025-08-19T10:32:12","guid":{"rendered":"https:\/\/eumedbridge.eu\/?page_id=241755"},"modified":"2025-08-19T13:32:12","modified_gmt":"2025-08-19T10:32:12","slug":"clause-de-non-responsabilite","status":"publish","type":"page","link":"https:\/\/www.eumedbridge.eu\/fr\/clause-de-non-responsabilite\/","title":{"rendered":"clause de non-responsabilit\u00e9"},"content":{"rendered":"<p>Ce site web, g\u00e9r\u00e9 par le Programme r\u00e9gional de communication pour le Voisinage Sud financ\u00e9 par l\u2019UE (<strong>EU NEIGHBOURS south<\/strong>), vise \u00e0 am\u00e9liorer l\u2019acc\u00e8s du public aux informations disponibles sur la coop\u00e9ration entre l\u2019Union europ\u00e9enne et les pays partenaires du Voisinage Sud : Alg\u00e9rie, \u00c9gypte, Isra\u00ebl, Jordanie, Liban, Libye, Maroc, Palestine*, Syrie et Tunisie.<br \/>\n* Cette appellation ne doit pas \u00eatre interpr\u00e9t\u00e9e comme une reconnaissance d\u2019un \u00c9tat de Palestine et est sans pr\u00e9judice des positions individuelles des \u00c9tats membres sur cette question.<\/p>\n<p>Notre objectif est de maintenir ces informations \u00e0 jour et exactes, en recueillant principalement des contenus provenant de sources ouvertes, de canaux de diffusion officiels et du suivi des mises \u00e0 jour des projets.<\/p>\n<p>Les informations pr\u00e9sent\u00e9es sont de nature g\u00e9n\u00e9rale et ne visent pas \u00e0 r\u00e9pondre aux circonstances sp\u00e9cifiques de toute personne ou entit\u00e9. Elles ne sont pas n\u00e9cessairement compl\u00e8tes ou exhaustives et peuvent parfois renvoyer \u00e0 des sites externes sur lesquels <strong>EU NEIGHBOURS south<\/strong> n\u2019a aucun contr\u00f4le et pour lesquels l\u2019\u00e9quipe n\u2019assume aucune responsabilit\u00e9 ni aucune obligation concernant les conseils professionnels ou juridiques qui y sont donn\u00e9s. Si vous avez besoin de conseils sp\u00e9cifiques, vous devez toujours consulter un professionnel d\u00fbment qualifi\u00e9.<\/p>\n<p>Veuillez noter qu\u2019il ne peut \u00eatre garanti qu\u2019un document disponible en ligne sur ce site reproduise exactement un texte adopt\u00e9 officiellement. Seul le <em>Journal officiel de l\u2019Union europ\u00e9enne<\/em> (version imprim\u00e9e ou, depuis le 1er juillet 2013, version \u00e9lectronique sur le site EUR-Lex) est authentique et produit des effets juridiques.<\/p>\n<p>Nous nous effor\u00e7ons de r\u00e9duire au minimum les perturbations caus\u00e9es par des erreurs techniques. Toutefois, certaines donn\u00e9es ou informations pr\u00e9sentes sur notre site peuvent avoir \u00e9t\u00e9 cr\u00e9\u00e9es ou structur\u00e9es dans des fichiers ou formats comportant des erreurs, et nous ne pouvons pas garantir que notre service ne sera pas interrompu ou autrement affect\u00e9 par de tels probl\u00e8mes. <strong>EU NEIGHBOURS south<\/strong> n\u2019assume aucune responsabilit\u00e9 quant aux probl\u00e8mes r\u00e9sultant de l\u2019utilisation de ce site ou de tout site externe li\u00e9.<\/p>\n","protected":false},"excerpt":{"rendered":"<p>Ce site web, g\u00e9r\u00e9 par le Programme r\u00e9gional de communication pour le Voisinage Sud financ\u00e9 par l\u2019UE (EU NEIGHBOURS south), vise \u00e0 am\u00e9liorer l\u2019acc\u00e8s du public aux informations disponibles sur la coop\u00e9ration entre l\u2019Union europ\u00e9enne et les pays partenaires du Voisinage Sud : Alg\u00e9rie, \u00c9gypte, Isra\u00ebl, Jordanie, Liban, Libye, Maroc, Palestine*, Syrie et Tunisie. * [&hellip;]<\/p>\n","protected":false},"author":2,"featured_media":0,"parent":0,"menu_order":0,"comment_status":"closed","ping_status":"closed","template":"page-jeel-connect.php","meta":{"_acf_changed":false,"footnotes":""},"class_list":["post-241755","page","type-page","status-publish","hentry"],"acf":[],"yoast_head":"<!-- This site is optimized with the Yoast SEO plugin v26.5 - https:\/\/yoast.com\/wordpress\/plugins\/seo\/ -->\n<title>clause de non-responsabilit\u00e9 - Voisins de l&#039;UE<\/title>\n<meta name=\"robots\" content=\"index, follow, max-snippet:-1, max-image-preview:large, max-video-preview:-1\" \/>\n<link rel=\"canonical\" href=\"https:\/\/www.eumedbridge.eu\/fr\/clause-de-non-responsabilite\/\" \/>\n<meta property=\"og:locale\" content=\"fr_FR\" \/>\n<meta property=\"og:type\" content=\"article\" \/>\n<meta property=\"og:title\" content=\"clause de non-responsabilit\u00e9 - Voisins de l&#039;UE\" \/>\n<meta property=\"og:description\" content=\"Ce site web, g\u00e9r\u00e9 par le Programme r\u00e9gional de communication pour le Voisinage Sud financ\u00e9 par l\u2019UE (EU NEIGHBOURS south), vise \u00e0 am\u00e9liorer l\u2019acc\u00e8s du public aux informations disponibles sur la coop\u00e9ration entre l\u2019Union europ\u00e9enne et les pays partenaires du Voisinage Sud : Alg\u00e9rie, \u00c9gypte, Isra\u00ebl, Jordanie, Liban, Libye, Maroc, Palestine*, Syrie et Tunisie. * [&hellip;]\" \/>\n<meta property=\"og:url\" content=\"https:\/\/www.eumedbridge.eu\/fr\/clause-de-non-responsabilite\/\" \/>\n<meta property=\"og:site_name\" content=\"Voisins de l&#039;UE\" \/>\n<meta property=\"article:publisher\" content=\"https:\/\/www.facebook.com\/eumedbridge\/\" \/>\n<meta name=\"twitter:card\" content=\"summary_large_image\" \/>\n<meta name=\"twitter:site\" content=\"@eumedbridge\" \/>\n<meta name=\"twitter:label1\" content=\"Dur\u00e9e de lecture estim\u00e9e\" \/>\n\t<meta name=\"twitter:data1\" content=\"2 minutes\" \/>\n<script type=\"application\/ld+json\" class=\"yoast-schema-graph\">{\"@context\":\"https:\/\/schema.org\",\"@graph\":[{\"@type\":\"WebPage\",\"@id\":\"https:\/\/www.eumedbridge.eu\/fr\/clause-de-non-responsabilite\/\",\"url\":\"https:\/\/www.eumedbridge.eu\/fr\/clause-de-non-responsabilite\/\",\"name\":\"clause de non-responsabilit\u00e9 - Voisins de l'UE\",\"isPartOf\":{\"@id\":\"https:\/\/www.eumedbridge.eu\/#website\"},\"datePublished\":\"2025-08-19T10:32:12+00:00\",\"breadcrumb\":{\"@id\":\"https:\/\/www.eumedbridge.eu\/fr\/clause-de-non-responsabilite\/#breadcrumb\"},\"inLanguage\":\"fr-FR\",\"potentialAction\":[{\"@type\":\"ReadAction\",\"target\":[\"https:\/\/www.eumedbridge.eu\/fr\/clause-de-non-responsabilite\/\"]}]},{\"@type\":\"BreadcrumbList\",\"@id\":\"https:\/\/www.eumedbridge.eu\/fr\/clause-de-non-responsabilite\/#breadcrumb\",\"itemListElement\":[{\"@type\":\"ListItem\",\"position\":1,\"name\":\"Home\",\"item\":\"https:\/\/www.eumedbridge.eu\/fr\/\"},{\"@type\":\"ListItem\",\"position\":2,\"name\":\"clause de non-responsabilit\u00e9\"}]},{\"@type\":\"WebSite\",\"@id\":\"https:\/\/www.eumedbridge.eu\/#website\",\"url\":\"https:\/\/www.eumedbridge.eu\/\",\"name\":\"EU Medbridge\",\"description\":\"\",\"publisher\":{\"@id\":\"https:\/\/www.eumedbridge.eu\/#organization\"},\"potentialAction\":[{\"@type\":\"SearchAction\",\"target\":{\"@type\":\"EntryPoint\",\"urlTemplate\":\"https:\/\/www.eumedbridge.eu\/?s={search_term_string}\"},\"query-input\":{\"@type\":\"PropertyValueSpecification\",\"valueRequired\":true,\"valueName\":\"search_term_string\"}}],\"inLanguage\":\"fr-FR\"},{\"@type\":\"Organization\",\"@id\":\"https:\/\/www.eumedbridge.eu\/#organization\",\"name\":\"EU Medbridge\",\"url\":\"https:\/\/www.eumedbridge.eu\/\",\"logo\":{\"@type\":\"ImageObject\",\"inLanguage\":\"fr-FR\",\"@id\":\"https:\/\/www.eumedbridge.eu\/#\/schema\/logo\/image\/\",\"url\":\"https:\/\/www.eumedbridge.eu\/wp-content\/uploads\/2021\/12\/Logo.png\",\"contentUrl\":\"https:\/\/www.eumedbridge.eu\/wp-content\/uploads\/2021\/12\/Logo.png\",\"width\":325,\"height\":114,\"caption\":\"EU Medbridge\"},\"image\":{\"@id\":\"https:\/\/www.eumedbridge.eu\/#\/schema\/logo\/image\/\"},\"sameAs\":[\"https:\/\/www.facebook.com\/eumedbridge\/\",\"https:\/\/x.com\/eumedbridge\",\"https:\/\/www.linkedin.com\/company\/eumedbridge\",\"https:\/\/www.youtube.com\/@eumedbridge\",\"https:\/\/www.instagram.com\/eumedbridge\",\"https:\/\/www.flickr.com\/photos\/euneighbours-south\/\"]}]}<\/script>\n<!-- \/ Yoast SEO plugin. -->","yoast_head_json":{"title":"clause de non-responsabilit\u00e9 - Voisins de l'UE","robots":{"index":"index","follow":"follow","max-snippet":"max-snippet:-1","max-image-preview":"max-image-preview:large","max-video-preview":"max-video-preview:-1"},"canonical":"https:\/\/www.eumedbridge.eu\/fr\/clause-de-non-responsabilite\/","og_locale":"fr_FR","og_type":"article","og_title":"clause de non-responsabilit\u00e9 - Voisins de l'UE","og_description":"Ce site web, g\u00e9r\u00e9 par le Programme r\u00e9gional de communication pour le Voisinage Sud financ\u00e9 par l\u2019UE (EU NEIGHBOURS south), vise \u00e0 am\u00e9liorer l\u2019acc\u00e8s du public aux informations disponibles sur la coop\u00e9ration entre l\u2019Union europ\u00e9enne et les pays partenaires du Voisinage Sud : Alg\u00e9rie, \u00c9gypte, Isra\u00ebl, Jordanie, Liban, Libye, Maroc, Palestine*, Syrie et Tunisie. * [&hellip;]","og_url":"https:\/\/www.eumedbridge.eu\/fr\/clause-de-non-responsabilite\/","og_site_name":"Voisins de l'UE","article_publisher":"https:\/\/www.facebook.com\/eumedbridge\/","twitter_card":"summary_large_image","twitter_site":"@eumedbridge","twitter_misc":{"Dur\u00e9e de lecture estim\u00e9e":"2 minutes"},"schema":{"@context":"https:\/\/schema.org","@graph":[{"@type":"WebPage","@id":"https:\/\/www.eumedbridge.eu\/fr\/clause-de-non-responsabilite\/","url":"https:\/\/www.eumedbridge.eu\/fr\/clause-de-non-responsabilite\/","name":"clause de non-responsabilit\u00e9 - Voisins de l'UE","isPartOf":{"@id":"https:\/\/www.eumedbridge.eu\/#website"},"datePublished":"2025-08-19T10:32:12+00:00","breadcrumb":{"@id":"https:\/\/www.eumedbridge.eu\/fr\/clause-de-non-responsabilite\/#breadcrumb"},"inLanguage":"fr-FR","potentialAction":[{"@type":"ReadAction","target":["https:\/\/www.eumedbridge.eu\/fr\/clause-de-non-responsabilite\/"]}]},{"@type":"BreadcrumbList","@id":"https:\/\/www.eumedbridge.eu\/fr\/clause-de-non-responsabilite\/#breadcrumb","itemListElement":[{"@type":"ListItem","position":1,"name":"Home","item":"https:\/\/www.eumedbridge.eu\/fr\/"},{"@type":"ListItem","position":2,"name":"clause de non-responsabilit\u00e9"}]},{"@type":"WebSite","@id":"https:\/\/www.eumedbridge.eu\/#website","url":"https:\/\/www.eumedbridge.eu\/","name":"EU Medbridge","description":"","publisher":{"@id":"https:\/\/www.eumedbridge.eu\/#organization"},"potentialAction":[{"@type":"SearchAction","target":{"@type":"EntryPoint","urlTemplate":"https:\/\/www.eumedbridge.eu\/?s={search_term_string}"},"query-input":{"@type":"PropertyValueSpecification","valueRequired":true,"valueName":"search_term_string"}}],"inLanguage":"fr-FR"},{"@type":"Organization","@id":"https:\/\/www.eumedbridge.eu\/#organization","name":"EU Medbridge","url":"https:\/\/www.eumedbridge.eu\/","logo":{"@type":"ImageObject","inLanguage":"fr-FR","@id":"https:\/\/www.eumedbridge.eu\/#\/schema\/logo\/image\/","url":"https:\/\/www.eumedbridge.eu\/wp-content\/uploads\/2021\/12\/Logo.png","contentUrl":"https:\/\/www.eumedbridge.eu\/wp-content\/uploads\/2021\/12\/Logo.png","width":325,"height":114,"caption":"EU Medbridge"},"image":{"@id":"https:\/\/www.eumedbridge.eu\/#\/schema\/logo\/image\/"},"sameAs":["https:\/\/www.facebook.com\/eumedbridge\/","https:\/\/x.com\/eumedbridge","https:\/\/www.linkedin.com\/company\/eumedbridge","https:\/\/www.youtube.com\/@eumedbridge","https:\/\/www.instagram.com\/eumedbridge","https:\/\/www.flickr.com\/photos\/euneighbours-south\/"]}]}},"_links":{"self":[{"href":"https:\/\/www.eumedbridge.eu\/fr\/wp-json\/wp\/v2\/pages\/241755","targetHints":{"allow":["GET"]}}],"collection":[{"href":"https:\/\/www.eumedbridge.eu\/fr\/wp-json\/wp\/v2\/pages"}],"about":[{"href":"https:\/\/www.eumedbridge.eu\/fr\/wp-json\/wp\/v2\/types\/page"}],"author":[{"embeddable":true,"href":"https:\/\/www.eumedbridge.eu\/fr\/wp-json\/wp\/v2\/users\/2"}],"replies":[{"embeddable":true,"href":"https:\/\/www.eumedbridge.eu\/fr\/wp-json\/wp\/v2\/comments?post=241755"}],"version-history":[{"count":0,"href":"https:\/\/www.eumedbridge.eu\/fr\/wp-json\/wp\/v2\/pages\/241755\/revisions"}],"wp:attachment":[{"href":"https:\/\/www.eumedbridge.eu\/fr\/wp-json\/wp\/v2\/media?parent=241755"}],"curies":[{"name":"wp","href":"https:\/\/api.w.org\/{rel}","templated":true}]}}